{"id":56282,"date":"2024-02-25T10:58:16","date_gmt":"2024-02-25T10:58:16","guid":{"rendered":"https:\/\/poliartdesign.co\/product\/2li-hello-kitty-gumus-klipsler\/"},"modified":"2024-02-25T10:58:16","modified_gmt":"2024-02-25T10:58:16","slug":"2li-hello-kitty-gumus-klipsler","status":"publish","type":"product","link":"https:\/\/poliartdesign.co\/ru\/product\/2li-hello-kitty-gumus-klipsler\/","title":{"rendered":"2&#8217;li HELLO K\u0130TTY G\u00fcm\u00fc\u015f klipsler"},"content":{"rendered":"<p>Eskiz defterleri\/ g\u00fcnl\u00fckleri\/ kitaplar\u0131 i\u00e7in metalik g\u00fcm\u00fc\u015f klipsler.<\/p>\n<p><!--{cke_protected}{C}%3C!%2D%2D%20wp%3Aparagraph%20%2D%2D%3E--><\/p>\n<p><!--{cke_protected}{C}%3C!%2D%2D%20%2Fwp%3Aparagraph%20%2D%2D%3E--><\/p>\n","protected":false},"excerpt":{"rendered":"<p>Eskiz defterleri\/ g\u00fcnl\u00fckleri\/ kitaplar\u0131 i\u00e7in metalik g\u00fcm\u00fc\u015f klipsler.<\/p>\n","protected":false},"featured_media":55829,"comment_status":"open","ping_status":"closed","template":"","meta":[],"product_cat":[4275],"product_tag":[],"class_list":{"0":"post-56282","1":"product","2":"type-product","3":"status-publish","4":"has-post-thumbnail","6":"product_cat--ru","8":"first","9":"instock","10":"shipping-taxable","11":"purchasable","12":"product-type-simple"},"_links":{"self":[{"href":"https:\/\/poliartdesign.co\/ru\/wp-json\/wp\/v2\/product\/56282","targetHints":{"allow":["GET"]}}],"collection":[{"href":"https:\/\/poliartdesign.co\/ru\/wp-json\/wp\/v2\/product"}],"about":[{"href":"https:\/\/poliartdesign.co\/ru\/wp-json\/wp\/v2\/types\/product"}],"replies":[{"embeddable":true,"href":"https:\/\/poliartdesign.co\/ru\/wp-json\/wp\/v2\/comments?post=56282"}],"version-history":[{"count":0,"href":"https:\/\/poliartdesign.co\/ru\/wp-json\/wp\/v2\/product\/56282\/revisions"}],"wp:featuredmedia":[{"embeddable":true,"href":"https:\/\/poliartdesign.co\/ru\/wp-json\/wp\/v2\/media\/55829"}],"wp:attachment":[{"href":"https:\/\/poliartdesign.co\/ru\/wp-json\/wp\/v2\/media?parent=56282"}],"wp:term":[{"taxonomy":"product_cat","embeddable":true,"href":"https:\/\/poliartdesign.co\/ru\/wp-json\/wp\/v2\/product_cat?post=56282"},{"taxonomy":"product_tag","embeddable":true,"href":"https:\/\/poliartdesign.co\/ru\/wp-json\/wp\/v2\/product_tag?post=56282"}],"curies":[{"name":"wp","href":"https:\/\/api.w.org\/{rel}","templated":true}]}}