{"id":56272,"date":"2024-03-06T13:50:40","date_gmt":"2024-03-06T13:50:40","guid":{"rendered":"https:\/\/poliartdesign.co\/product\/3lu-doldurulabilir-sulu-boya-fircalar-seti-vincent-van-gogh\/"},"modified":"2024-03-06T13:50:40","modified_gmt":"2024-03-06T13:50:40","slug":"3lu-doldurulabilir-sulu-boya-fircalar-seti-vincent-van-gogh","status":"publish","type":"product","link":"https:\/\/poliartdesign.co\/ru\/product\/3lu-doldurulabilir-sulu-boya-fircalar-seti-vincent-van-gogh\/","title":{"rendered":"3&#8217;l\u00fc Doldurulabilir Sulu Boya F\u0131r\u00e7alar Seti &#8221;Vincent Van Gogh&#8221;"},"content":{"rendered":"<p>Sette \u00fc\u00e7 f\u0131r\u00e7a vard\u0131r. Su f\u0131r\u00e7al\u0131 kalemlerin ucu naylondan yap\u0131lm\u0131\u015ft\u0131r, u\u00e7lar\u0131 yumu\u015fakt\u0131r, ancak kullan\u0131l\u0131rken \u015feklini korur. F\u0131r\u00e7a kalemleri, sulu boya veya di\u011fer sanat\u00e7\u0131 ihtiya\u00e7lar\u0131 i\u00e7in m\u00fckemmel bir refakat\u00e7idir, s\u0131v\u0131y\u0131 serbest b\u0131rakmak i\u00e7in sapa basarak kolayca kullanabilirsiniz. S\u0131zd\u0131rmaz tasar\u0131m\u0131 sayesinde \u00e7ocuklar ve yeti\u015fkinler i\u00e7in idealdir, rahat boyutu sayesinde rahat ta\u015f\u0131n\u0131r ve a\u00e7\u0131k havada boyama i\u00e7in m\u00fckemmeldir. Sulu boya kalemlerimiz geleneksel f\u0131r\u00e7alara k\u0131yasla \u00e7ok daha geni\u015f bir bant geni\u015fli\u011fi sa\u011flar. \u0130ster el yaz\u0131s\u0131, ister manzara boyamay\u0131 veya kaligrafi \u00f6\u011frenmeyi tercih edin, bu sulu boya kalemleri sanat kalemi koleksiyonunuzda olmazsa olmazd\u0131r.<\/p>\n","protected":false},"excerpt":{"rendered":"<p>Sette \u00fc\u00e7 f\u0131r\u00e7a vard\u0131r. Su f\u0131r\u00e7al\u0131 kalemlerin ucu naylondan yap\u0131lm\u0131\u015ft\u0131r, u\u00e7lar\u0131 yumu\u015fakt\u0131r, ancak kullan\u0131l\u0131rken \u015feklini korur. F\u0131r\u00e7a kalemleri, sulu boya<\/p>\n","protected":false},"featured_media":55946,"comment_status":"open","ping_status":"closed","template":"","meta":[],"product_cat":[4275,369],"product_tag":[],"class_list":{"0":"post-56272","1":"product","2":"type-product","3":"status-publish","4":"has-post-thumbnail","6":"product_cat--ru","7":"product_cat-369","9":"first","10":"outofstock","11":"shipping-taxable","12":"purchasable","13":"product-type-simple"},"_links":{"self":[{"href":"https:\/\/poliartdesign.co\/ru\/wp-json\/wp\/v2\/product\/56272","targetHints":{"allow":["GET"]}}],"collection":[{"href":"https:\/\/poliartdesign.co\/ru\/wp-json\/wp\/v2\/product"}],"about":[{"href":"https:\/\/poliartdesign.co\/ru\/wp-json\/wp\/v2\/types\/product"}],"replies":[{"embeddable":true,"href":"https:\/\/poliartdesign.co\/ru\/wp-json\/wp\/v2\/comments?post=56272"}],"version-history":[{"count":0,"href":"https:\/\/poliartdesign.co\/ru\/wp-json\/wp\/v2\/product\/56272\/revisions"}],"wp:featuredmedia":[{"embeddable":true,"href":"https:\/\/poliartdesign.co\/ru\/wp-json\/wp\/v2\/media\/55946"}],"wp:attachment":[{"href":"https:\/\/poliartdesign.co\/ru\/wp-json\/wp\/v2\/media?parent=56272"}],"wp:term":[{"taxonomy":"product_cat","embeddable":true,"href":"https:\/\/poliartdesign.co\/ru\/wp-json\/wp\/v2\/product_cat?post=56272"},{"taxonomy":"product_tag","embeddable":true,"href":"https:\/\/poliartdesign.co\/ru\/wp-json\/wp\/v2\/product_tag?post=56272"}],"curies":[{"name":"wp","href":"https:\/\/api.w.org\/{rel}","templated":true}]}}