{"id":56269,"date":"2024-03-06T13:54:05","date_gmt":"2024-03-06T13:54:05","guid":{"rendered":"https:\/\/poliartdesign.co\/product\/ponpon-kursun-kalem-yumusak-baslikli-kedi-pencesi\/"},"modified":"2024-03-06T13:54:05","modified_gmt":"2024-03-06T13:54:05","slug":"ponpon-kursun-kalem-yumusak-baslikli-kedi-pencesi","status":"publish","type":"product","link":"https:\/\/poliartdesign.co\/ru\/product\/ponpon-kursun-kalem-yumusak-baslikli-kedi-pencesi\/","title":{"rendered":"Ponpon Kur\u015fun Kalem Yumu\u015fak Ba\u015fl\u0131kl\u0131 &#8221;Kedi Pen\u00e7esi&#8221;"},"content":{"rendered":"<p>Ponpon Kur\u015fun Kalem Yumu\u015fak Ba\u015fl\u0131kl\u0131 &#8221;Kedi Pen\u00e7esi&#8221;.<\/p>\n","protected":false},"excerpt":{"rendered":"<p>Ponpon Kur\u015fun Kalem Yumu\u015fak Ba\u015fl\u0131kl\u0131 &#8221;Kedi Pen\u00e7esi&#8221;.<\/p>\n","protected":false},"featured_media":55957,"comment_status":"open","ping_status":"closed","template":"","meta":[],"product_cat":[4275],"product_tag":[],"class_list":{"0":"post-56269","1":"product","2":"type-product","3":"status-publish","4":"has-post-thumbnail","6":"product_cat--ru","8":"first","9":"outofstock","10":"shipping-taxable","11":"purchasable","12":"product-type-variable"},"_links":{"self":[{"href":"https:\/\/poliartdesign.co\/ru\/wp-json\/wp\/v2\/product\/56269","targetHints":{"allow":["GET"]}}],"collection":[{"href":"https:\/\/poliartdesign.co\/ru\/wp-json\/wp\/v2\/product"}],"about":[{"href":"https:\/\/poliartdesign.co\/ru\/wp-json\/wp\/v2\/types\/product"}],"replies":[{"embeddable":true,"href":"https:\/\/poliartdesign.co\/ru\/wp-json\/wp\/v2\/comments?post=56269"}],"version-history":[{"count":0,"href":"https:\/\/poliartdesign.co\/ru\/wp-json\/wp\/v2\/product\/56269\/revisions"}],"wp:featuredmedia":[{"embeddable":true,"href":"https:\/\/poliartdesign.co\/ru\/wp-json\/wp\/v2\/media\/55957"}],"wp:attachment":[{"href":"https:\/\/poliartdesign.co\/ru\/wp-json\/wp\/v2\/media?parent=56269"}],"wp:term":[{"taxonomy":"product_cat","embeddable":true,"href":"https:\/\/poliartdesign.co\/ru\/wp-json\/wp\/v2\/product_cat?post=56269"},{"taxonomy":"product_tag","embeddable":true,"href":"https:\/\/poliartdesign.co\/ru\/wp-json\/wp\/v2\/product_tag?post=56269"}],"curies":[{"name":"wp","href":"https:\/\/api.w.org\/{rel}","templated":true}]}}