{"id":56266,"date":"2024-03-06T14:12:01","date_gmt":"2024-03-06T14:12:01","guid":{"rendered":"https:\/\/poliartdesign.co\/product\/3lu-hediyelik-seti-vincent-van-gogh-ozel-tasarimli-sekreterlikkalemlikdefter\/"},"modified":"2024-03-06T14:12:01","modified_gmt":"2024-03-06T14:12:01","slug":"3lu-hediyelik-seti-vincent-van-gogh-ozel-tasarimli-sekreterlikkalemlikdefter","status":"publish","type":"product","link":"https:\/\/poliartdesign.co\/ru\/product\/3lu-hediyelik-seti-vincent-van-gogh-ozel-tasarimli-sekreterlikkalemlikdefter\/","title":{"rendered":"3&#8217;l\u00fc HED\u0130YEL\u0130K SET\u0130 &#8221;Vincent Van Gogh&#8221; \u00f6zel tasar\u0131ml\u0131 Sekreterlik+Kalemlik+Defter"},"content":{"rendered":"<p data-drroot=\"h1\">3&#8217;l\u00fc &#8221;Vincent Van Gogh&#8221; tasar\u0131ml\u0131 sekreterlik kalemlik ve sert kapakl\u0131 lastikli defter. Okulda veya i\u015f yerinde kullanabilece\u011finiz harika set. Sanat seviyen arkada\u015fa hediye sevdiklerinize hediye edebilece\u011finiz e\u015fsiz bir settir.<\/p>\n<p data-drroot=\"h1\">\u00dcr\u00fcn \u00f6zellikleri :<\/p>\n<p data-drroot=\"h1\">1.Sekreterlik : kal\u0131n mukavvadan \u00fcretilmi\u015ftir. \u00dcr\u00fcn boyutu: 31&#215;22 cm ebat\u0131ndad\u0131r.<\/p>\n<p data-drroot=\"h1\">2.Defter : 60 yaprak 120 sayfadan \u00fcretilmi\u015ftir. \u00dcst\u00fc kabartma bask\u0131l\u0131d\u0131r. Ebat : 13,5 x 19,5 cm.<\/p>\n<p data-drroot=\"h1\">3.Kalemlik : Boyutu : 19,5 x 12,5 cm. Kuma\u015f malzemeden \u00fcretilmi\u015ftir.<\/p>\n<p data-drroot=\"h1\">&#8221;I dream my paintings and I paint my dreams!&#8221;<\/p>\n","protected":false},"excerpt":{"rendered":"<p>3&#8217;l\u00fc &#8221;Vincent Van Gogh&#8221; tasar\u0131ml\u0131 sekreterlik kalemlik ve sert kapakl\u0131 lastikli defter. Okulda veya i\u015f yerinde kullanabilece\u011finiz harika set. Sanat<\/p>\n","protected":false},"featured_media":55997,"comment_status":"open","ping_status":"closed","template":"","meta":[],"product_cat":[4275,4278],"product_tag":[],"class_list":{"0":"post-56266","1":"product","2":"type-product","3":"status-publish","4":"has-post-thumbnail","6":"product_cat--ru","9":"first","10":"outofstock","11":"sale","12":"shipping-taxable","13":"purchasable","14":"product-type-simple"},"_links":{"self":[{"href":"https:\/\/poliartdesign.co\/ru\/wp-json\/wp\/v2\/product\/56266","targetHints":{"allow":["GET"]}}],"collection":[{"href":"https:\/\/poliartdesign.co\/ru\/wp-json\/wp\/v2\/product"}],"about":[{"href":"https:\/\/poliartdesign.co\/ru\/wp-json\/wp\/v2\/types\/product"}],"replies":[{"embeddable":true,"href":"https:\/\/poliartdesign.co\/ru\/wp-json\/wp\/v2\/comments?post=56266"}],"version-history":[{"count":0,"href":"https:\/\/poliartdesign.co\/ru\/wp-json\/wp\/v2\/product\/56266\/revisions"}],"wp:featuredmedia":[{"embeddable":true,"href":"https:\/\/poliartdesign.co\/ru\/wp-json\/wp\/v2\/media\/55997"}],"wp:attachment":[{"href":"https:\/\/poliartdesign.co\/ru\/wp-json\/wp\/v2\/media?parent=56266"}],"wp:term":[{"taxonomy":"product_cat","embeddable":true,"href":"https:\/\/poliartdesign.co\/ru\/wp-json\/wp\/v2\/product_cat?post=56266"},{"taxonomy":"product_tag","embeddable":true,"href":"https:\/\/poliartdesign.co\/ru\/wp-json\/wp\/v2\/product_tag?post=56266"}],"curies":[{"name":"wp","href":"https:\/\/api.w.org\/{rel}","templated":true}]}}