{"id":32686,"date":"2022-05-12T11:56:47","date_gmt":"2022-05-12T11:56:47","guid":{"rendered":"https:\/\/poliartdesign.co\/product\/%d1%81%d1%83%d0%bc%d0%be%d1%87%d0%ba%d0%b0-%d1%85%d1%83%d0%b4%d0%be%d0%b6%d0%bd%d0%b8%d0%ba%d0%b0\/"},"modified":"2026-02-03T00:00:38","modified_gmt":"2026-02-03T00:00:38","slug":"%d1%81%d1%83%d0%bc%d0%be%d1%87%d0%ba%d0%b0-%d1%85%d1%83%d0%b4%d0%be%d0%b6%d0%bd%d0%b8%d0%ba%d0%b0","status":"publish","type":"product","link":"https:\/\/poliartdesign.co\/ru\/product\/%d1%81%d1%83%d0%bc%d0%be%d1%87%d0%ba%d0%b0-%d1%85%d1%83%d0%b4%d0%be%d0%b6%d0%bd%d0%b8%d0%ba%d0%b0\/","title":{"rendered":"\u0421\u0443\u043c\u043e\u0447\u043a\u0430 \u0445\u0443\u0434\u043e\u0436\u043d\u0438\u043a\u0430"},"content":{"rendered":"<p>Sanat malzemelerinin saklanmas\u0131 ve ta\u015f\u0131nmas\u0131 i\u00e7in organazer \u00e7antad\u0131r.<\/p>\n<p>Hafif ve geni\u015f, iki cepli, metal kilit. 2-3 A5 eskiz defterine ve daha k\u00fc\u00e7\u00fck formatlara, paletlere, f\u0131r\u00e7alara, yakla\u015f\u0131k 30 i\u015faretleyiciye vb. uygundur.<\/p>\n","protected":false},"excerpt":{"rendered":"<p>Sanat malzemelerinin saklanmas\u0131 ve ta\u015f\u0131nmas\u0131 i\u00e7in organazer \u00e7antad\u0131r. Hafif ve geni\u015f, iki cepli, metal kilit. 2-3 A5 eskiz defterine ve<\/p>\n","protected":false},"featured_media":28900,"comment_status":"open","ping_status":"closed","template":"","meta":[],"product_cat":[369],"product_tag":[],"class_list":{"0":"post-32686","1":"product","2":"type-product","3":"status-publish","4":"has-post-thumbnail","6":"product_cat-369","8":"first","9":"instock","10":"shipping-taxable","11":"purchasable","12":"product-type-variable"},"_links":{"self":[{"href":"https:\/\/poliartdesign.co\/ru\/wp-json\/wp\/v2\/product\/32686","targetHints":{"allow":["GET"]}}],"collection":[{"href":"https:\/\/poliartdesign.co\/ru\/wp-json\/wp\/v2\/product"}],"about":[{"href":"https:\/\/poliartdesign.co\/ru\/wp-json\/wp\/v2\/types\/product"}],"replies":[{"embeddable":true,"href":"https:\/\/poliartdesign.co\/ru\/wp-json\/wp\/v2\/comments?post=32686"}],"version-history":[{"count":2,"href":"https:\/\/poliartdesign.co\/ru\/wp-json\/wp\/v2\/product\/32686\/revisions"}],"predecessor-version":[{"id":56340,"href":"https:\/\/poliartdesign.co\/ru\/wp-json\/wp\/v2\/product\/32686\/revisions\/56340"}],"wp:featuredmedia":[{"embeddable":true,"href":"https:\/\/poliartdesign.co\/ru\/wp-json\/wp\/v2\/media\/28900"}],"wp:attachment":[{"href":"https:\/\/poliartdesign.co\/ru\/wp-json\/wp\/v2\/media?parent=32686"}],"wp:term":[{"taxonomy":"product_cat","embeddable":true,"href":"https:\/\/poliartdesign.co\/ru\/wp-json\/wp\/v2\/product_cat?post=32686"},{"taxonomy":"product_tag","embeddable":true,"href":"https:\/\/poliartdesign.co\/ru\/wp-json\/wp\/v2\/product_tag?post=32686"}],"curies":[{"name":"wp","href":"https:\/\/api.w.org\/{rel}","templated":true}]}}