{"id":56280,"date":"2024-02-25T14:22:00","date_gmt":"2024-02-25T14:22:00","guid":{"rendered":"https:\/\/poliartdesign.co\/product\/5li-set-dekoratif-zarflar-cicekler-hediye-davetiye-scrapbooking\/"},"modified":"2024-02-25T14:22:00","modified_gmt":"2024-02-25T14:22:00","slug":"5li-set-dekoratif-zarflar-cicekler-hediye-davetiye-scrapbooking","status":"publish","type":"product","link":"https:\/\/poliartdesign.co\/en\/product\/5li-set-dekoratif-zarflar-cicekler-hediye-davetiye-scrapbooking\/","title":{"rendered":"5&#8217;li set dekoratif zarflar &#8220;\u00c7i\u00e7ekler&#8221; (hediye \/ davetiye \/ scrapbooking)"},"content":{"rendered":"<p>Sette 5 adet kal\u0131n 250 gr\/m2 beyaz zarflar bulabilirisiniz.<\/p>\n<p>Zarflar\u0131n her iki taraf\u0131nda alt\u0131n par\u0131lt\u0131l\u0131 kaplama var.<\/p>\n<p>\u00d6lc\u00fc: 13&#215;18 cm.<\/p>\n<p>Hediye, davetiye, scrapbooking, sanat i\u00e7in kullanabilirsiniz.<\/p>\n","protected":false},"excerpt":{"rendered":"<p>Sette 5 adet kal\u0131n 250 gr\/m2 beyaz zarflar bulabilirisiniz. Zarflar\u0131n her iki taraf\u0131nda alt\u0131n par\u0131lt\u0131l\u0131 kaplama var. \u00d6lc\u00fc: 13&#215;18 cm.<\/p>\n","protected":false},"featured_media":55870,"comment_status":"open","ping_status":"closed","template":"","meta":[],"product_cat":[4276],"product_tag":[],"class_list":{"0":"post-56280","1":"product","2":"type-product","3":"status-publish","4":"has-post-thumbnail","6":"product_cat-stationery-en","8":"first","9":"instock","10":"shipping-taxable","11":"purchasable","12":"product-type-simple"},"_links":{"self":[{"href":"https:\/\/poliartdesign.co\/en\/wp-json\/wp\/v2\/product\/56280","targetHints":{"allow":["GET"]}}],"collection":[{"href":"https:\/\/poliartdesign.co\/en\/wp-json\/wp\/v2\/product"}],"about":[{"href":"https:\/\/poliartdesign.co\/en\/wp-json\/wp\/v2\/types\/product"}],"replies":[{"embeddable":true,"href":"https:\/\/poliartdesign.co\/en\/wp-json\/wp\/v2\/comments?post=56280"}],"version-history":[{"count":0,"href":"https:\/\/poliartdesign.co\/en\/wp-json\/wp\/v2\/product\/56280\/revisions"}],"wp:featuredmedia":[{"embeddable":true,"href":"https:\/\/poliartdesign.co\/en\/wp-json\/wp\/v2\/media\/55870"}],"wp:attachment":[{"href":"https:\/\/poliartdesign.co\/en\/wp-json\/wp\/v2\/media?parent=56280"}],"wp:term":[{"taxonomy":"product_cat","embeddable":true,"href":"https:\/\/poliartdesign.co\/en\/wp-json\/wp\/v2\/product_cat?post=56280"},{"taxonomy":"product_tag","embeddable":true,"href":"https:\/\/poliartdesign.co\/en\/wp-json\/wp\/v2\/product_tag?post=56280"}],"curies":[{"name":"wp","href":"https:\/\/api.w.org\/{rel}","templated":true}]}}