{"id":56276,"date":"2024-02-25T14:34:59","date_gmt":"2024-02-25T14:34:59","guid":{"rendered":"https:\/\/poliartdesign.co\/product\/mini-suluboya-eskiz-defteri-%100-pamuklu-arches-%100-deri-suluboya-ve-grafik-icin\/"},"modified":"2024-02-25T14:34:59","modified_gmt":"2024-02-25T14:34:59","slug":"mini-suluboya-eskiz-defteri-%100-pamuklu-arches-%100-deri-suluboya-ve-grafik-icin","status":"publish","type":"product","link":"https:\/\/poliartdesign.co\/en\/product\/mini-suluboya-eskiz-defteri-%100-pamuklu-arches-%100-deri-suluboya-ve-grafik-icin\/","title":{"rendered":"Mini suluboya eskiz defteri %100 pamuklu ARCHES %100 deri (suluboya ve grafik i\u00e7in)"},"content":{"rendered":"<p>5.5\u00d76.5 cm format\u0131nda 32 yaprak yada 62 sayfa var. Eskiz defteri 62 ill\u00fcsrtasyon i\u00e7in tasarlanm\u0131\u015ft\u0131r.<\/p>\n<p>Sert %100 deri kapak. \u0130\u00e7inde 185 gr\/m2\u2019lik %100 pamuklu Frans\u0131z yap\u0131m\u0131 (Arches) ka\u011f\u0131d\u0131 i\u00e7erir.<\/p>\n<p>Ka\u011f\u0131t suluboya, guaj, metalik, akrilik, kur\u015fun kalem ve kar\u0131\u015f\u0131k teknikler i\u00e7in uygundur. Natural White \u2013 Do\u011fal Beyaz. Cold Press \u2013 Orta Doku. Bu y\u00fczeyde herhangi bir g\u00f6r\u00fcnt\u00fcy\u00fc uygulamak kolayd\u0131r. Pamuk ka\u011f\u0131da g\u00fc\u00e7 ve uzun \u00f6m\u00fcr verir.<\/p>\n<p>Share your art on social media with this sketchbook hashtag #poli_art_hexagon and tag us @poliartdesign.co.en to be reposted.<\/p>\n<p>Sosyal medyada <a href=\"https:\/\/www.instagram.com\/explore\/tags\/poli_art_mini\/\" target=\"_blank\" rel=\"noopener\">#poli_art_mini<\/a> bu sketchbook hashtag ile resimlerinizi payla\u015f\u0131n ve daha b\u00fcy\u00fck ilham i\u00e7in bize <a href=\"https:\/\/www.instagram.com\/poliartdesign.co.tr\/\">@poliartdesign.co.tr<\/a> takip edin.<\/p>\n","protected":false},"excerpt":{"rendered":"<p>5.5\u00d76.5 cm format\u0131nda 32 yaprak yada 62 sayfa var. Eskiz defteri 62 ill\u00fcsrtasyon i\u00e7in tasarlanm\u0131\u015ft\u0131r. Sert %100 deri kapak. \u0130\u00e7inde<\/p>\n","protected":false},"featured_media":55915,"comment_status":"open","ping_status":"closed","template":"","meta":[],"product_cat":[339,336,340,342,344,374],"product_tag":[],"class_list":{"0":"post-56276","1":"product","2":"type-product","3":"status-publish","4":"has-post-thumbnail","6":"product_cat-sketchbooks","7":"product_cat-acrylic-paper","8":"product_cat-sketch-paper","9":"product_cat-gouache-paper","10":"product_cat-mix-media-paper","11":"product_cat-watercolor-paper","13":"first","14":"outofstock","15":"shipping-taxable","16":"purchasable","17":"product-type-simple"},"_links":{"self":[{"href":"https:\/\/poliartdesign.co\/en\/wp-json\/wp\/v2\/product\/56276","targetHints":{"allow":["GET"]}}],"collection":[{"href":"https:\/\/poliartdesign.co\/en\/wp-json\/wp\/v2\/product"}],"about":[{"href":"https:\/\/poliartdesign.co\/en\/wp-json\/wp\/v2\/types\/product"}],"replies":[{"embeddable":true,"href":"https:\/\/poliartdesign.co\/en\/wp-json\/wp\/v2\/comments?post=56276"}],"version-history":[{"count":0,"href":"https:\/\/poliartdesign.co\/en\/wp-json\/wp\/v2\/product\/56276\/revisions"}],"wp:featuredmedia":[{"embeddable":true,"href":"https:\/\/poliartdesign.co\/en\/wp-json\/wp\/v2\/media\/55915"}],"wp:attachment":[{"href":"https:\/\/poliartdesign.co\/en\/wp-json\/wp\/v2\/media?parent=56276"}],"wp:term":[{"taxonomy":"product_cat","embeddable":true,"href":"https:\/\/poliartdesign.co\/en\/wp-json\/wp\/v2\/product_cat?post=56276"},{"taxonomy":"product_tag","embeddable":true,"href":"https:\/\/poliartdesign.co\/en\/wp-json\/wp\/v2\/product_tag?post=56276"}],"curies":[{"name":"wp","href":"https:\/\/api.w.org\/{rel}","templated":true}]}}