{"id":56263,"date":"2024-03-06T14:15:50","date_gmt":"2024-03-06T14:15:50","guid":{"rendered":"https:\/\/poliartdesign.co\/product\/hokusai-kanagawada-buyuk-dalga-a6-cizgisiz-defter\/"},"modified":"2024-03-06T14:15:50","modified_gmt":"2024-03-06T14:15:50","slug":"hokusai-kanagawada-buyuk-dalga-a6-cizgisiz-defter","status":"publish","type":"product","link":"https:\/\/poliartdesign.co\/en\/product\/hokusai-kanagawada-buyuk-dalga-a6-cizgisiz-defter\/","title":{"rendered":"Hokusai &#8221;Kanagawa&#8217;da b\u00fcy\u00fck dalga&#8221; A6 \u00c7izgisiz Defter"},"content":{"rendered":"<p>Hokusai &#8221;Kanagawa&#8217;da b\u00fcy\u00fck dalga&#8221; A6 Boyutunda 50 Sayfa \u00c7izgisiz Mini Defter. Yumushak kapak. Eskiz veya not defteri olarak kullanabiliyor.<\/p>\n","protected":false},"excerpt":{"rendered":"<p>Hokusai &#8221;Kanagawa&#8217;da b\u00fcy\u00fck dalga&#8221; A6 Boyutunda 50 Sayfa \u00c7izgisiz Mini Defter. Yumushak kapak. Eskiz veya not defteri olarak kullanabiliyor.<\/p>\n","protected":false},"featured_media":56016,"comment_status":"open","ping_status":"closed","template":"","meta":[],"product_cat":[4276],"product_tag":[],"class_list":{"0":"post-56263","1":"product","2":"type-product","3":"status-publish","4":"has-post-thumbnail","6":"product_cat-stationery-en","8":"first","9":"instock","10":"shipping-taxable","11":"purchasable","12":"product-type-simple"},"_links":{"self":[{"href":"https:\/\/poliartdesign.co\/en\/wp-json\/wp\/v2\/product\/56263","targetHints":{"allow":["GET"]}}],"collection":[{"href":"https:\/\/poliartdesign.co\/en\/wp-json\/wp\/v2\/product"}],"about":[{"href":"https:\/\/poliartdesign.co\/en\/wp-json\/wp\/v2\/types\/product"}],"replies":[{"embeddable":true,"href":"https:\/\/poliartdesign.co\/en\/wp-json\/wp\/v2\/comments?post=56263"}],"version-history":[{"count":0,"href":"https:\/\/poliartdesign.co\/en\/wp-json\/wp\/v2\/product\/56263\/revisions"}],"wp:featuredmedia":[{"embeddable":true,"href":"https:\/\/poliartdesign.co\/en\/wp-json\/wp\/v2\/media\/56016"}],"wp:attachment":[{"href":"https:\/\/poliartdesign.co\/en\/wp-json\/wp\/v2\/media?parent=56263"}],"wp:term":[{"taxonomy":"product_cat","embeddable":true,"href":"https:\/\/poliartdesign.co\/en\/wp-json\/wp\/v2\/product_cat?post=56263"},{"taxonomy":"product_tag","embeddable":true,"href":"https:\/\/poliartdesign.co\/en\/wp-json\/wp\/v2\/product_tag?post=56263"}],"curies":[{"name":"wp","href":"https:\/\/api.w.org\/{rel}","templated":true}]}}