{"id":56258,"date":"2024-03-06T18:46:05","date_gmt":"2024-03-06T18:46:05","guid":{"rendered":"https:\/\/poliartdesign.co\/product\/diy-sticker-book-24x17-cm-16-sayfalik-sticker-kitabi\/"},"modified":"2024-03-20T09:49:03","modified_gmt":"2024-03-20T09:49:03","slug":"diy-sticker-book-24x17-cm-16-sayfalik-sticker-kitabi","status":"publish","type":"product","link":"https:\/\/poliartdesign.co\/en\/product\/diy-sticker-book-24x17-cm-16-sayfalik-sticker-kitabi\/","title":{"rendered":"D\u0131y Sticker Book (24&#215;17 cm) 16 Sayfal\u0131k Sticker Kitab\u0131"},"content":{"rendered":"<p>My DIY Sticker Book 24&#215;17 cm., 16 Sayfal\u0131k \u00d6zel Tasar\u0131m Rengarenk Sticker Kitab\u0131 Hayat\u0131n\u0131 planlarken, notlar\u0131n\u0131 al\u0131rken daha e\u011flenceli ve \u015f\u0131k olmas\u0131 i\u00e7in \u00f6zel olarak tasarlanan stickerlar ile notlar\u0131n\u0131z\u0131 s\u00fcsleyebilirsiniz. Ajandalar\u0131n\u0131z\u0131 ve defterlerinizi ki\u015fiselle\u015ftirip kendi tarz\u0131n\u0131z\u0131 yans\u0131tabilirsiniz. Farkl\u0131 temalarda y\u00fczlerce \u00e7e\u015fit ve ebatta tasarlanan e\u011flenceli sticker etiketlerimizi bilgisayar, tablet, notebook gibi cihazlar\u0131n\u0131z\u0131 \u00f6zelle\u015ftirmek i\u00e7in de severek kullanabilirsiniz. Birbirinden farkl\u0131 16 sayfa sticker,\u00e7ok \u00e7e\u015fitli temalarda 600&#8217;e a\u015fk\u0131n sticker i\u00e7erir.<\/p>\n","protected":false},"excerpt":{"rendered":"<p>My DIY Sticker Book 24&#215;17 cm., 16 Sayfal\u0131k \u00d6zel Tasar\u0131m Rengarenk Sticker Kitab\u0131 Hayat\u0131n\u0131 planlarken, notlar\u0131n\u0131 al\u0131rken daha e\u011flenceli ve<\/p>\n","protected":false},"featured_media":56059,"comment_status":"open","ping_status":"closed","template":"","meta":[],"product_cat":[4276],"product_tag":[],"class_list":{"0":"post-56258","1":"product","2":"type-product","3":"status-publish","4":"has-post-thumbnail","6":"product_cat-stationery-en","8":"first","9":"instock","10":"shipping-taxable","11":"purchasable","12":"product-type-simple"},"_links":{"self":[{"href":"https:\/\/poliartdesign.co\/en\/wp-json\/wp\/v2\/product\/56258","targetHints":{"allow":["GET"]}}],"collection":[{"href":"https:\/\/poliartdesign.co\/en\/wp-json\/wp\/v2\/product"}],"about":[{"href":"https:\/\/poliartdesign.co\/en\/wp-json\/wp\/v2\/types\/product"}],"replies":[{"embeddable":true,"href":"https:\/\/poliartdesign.co\/en\/wp-json\/wp\/v2\/comments?post=56258"}],"version-history":[{"count":3,"href":"https:\/\/poliartdesign.co\/en\/wp-json\/wp\/v2\/product\/56258\/revisions"}],"predecessor-version":[{"id":56337,"href":"https:\/\/poliartdesign.co\/en\/wp-json\/wp\/v2\/product\/56258\/revisions\/56337"}],"wp:featuredmedia":[{"embeddable":true,"href":"https:\/\/poliartdesign.co\/en\/wp-json\/wp\/v2\/media\/56059"}],"wp:attachment":[{"href":"https:\/\/poliartdesign.co\/en\/wp-json\/wp\/v2\/media?parent=56258"}],"wp:term":[{"taxonomy":"product_cat","embeddable":true,"href":"https:\/\/poliartdesign.co\/en\/wp-json\/wp\/v2\/product_cat?post=56258"},{"taxonomy":"product_tag","embeddable":true,"href":"https:\/\/poliartdesign.co\/en\/wp-json\/wp\/v2\/product_tag?post=56258"}],"curies":[{"name":"wp","href":"https:\/\/api.w.org\/{rel}","templated":true}]}}