{"id":48057,"date":"2022-05-16T06:47:40","date_gmt":"2022-05-16T06:47:40","guid":{"rendered":"https:\/\/poliartdesign.co\/product\/palette-pineapple\/"},"modified":"2023-10-08T18:59:32","modified_gmt":"2023-10-08T18:59:32","slug":"palette-pineapple","status":"publish","type":"product","link":"https:\/\/poliartdesign.co\/en\/product\/palette-pineapple\/","title":{"rendered":"Palette &#8220;Pineapple&#8221;"},"content":{"rendered":"<p>Bu yumu\u015fak porselen palet, suluboya, guaj ve akriliklerle \u00e7al\u0131\u015fmak i\u00e7in m\u00fckemmeldir. Ayr\u0131ca i\u015f yerinizi ve i\u015finizin foto\u011fraf d\u00fczenini s\u00fcsleyecek! Yakla\u015f\u0131k boyutlar 11&#215;8.5 cm.<\/p>\n","protected":false},"excerpt":{"rendered":"<p>Bu yumu\u015fak porselen palet, suluboya, guaj ve akriliklerle \u00e7al\u0131\u015fmak i\u00e7in m\u00fckemmeldir. Ayr\u0131ca i\u015f yerinizi ve i\u015finizin foto\u011fraf d\u00fczenini s\u00fcsleyecek! Yakla\u015f\u0131k<\/p>\n","protected":false},"featured_media":52373,"comment_status":"open","ping_status":"closed","template":"","meta":[],"product_cat":[4277,368],"product_tag":[],"class_list":{"0":"post-48057","1":"product","2":"type-product","3":"status-publish","4":"has-post-thumbnail","6":"product_cat-sales-en","7":"product_cat-art-supplies","9":"first","10":"outofstock","11":"sale","12":"shipping-taxable","13":"purchasable","14":"product-type-simple"},"_links":{"self":[{"href":"https:\/\/poliartdesign.co\/en\/wp-json\/wp\/v2\/product\/48057","targetHints":{"allow":["GET"]}}],"collection":[{"href":"https:\/\/poliartdesign.co\/en\/wp-json\/wp\/v2\/product"}],"about":[{"href":"https:\/\/poliartdesign.co\/en\/wp-json\/wp\/v2\/types\/product"}],"replies":[{"embeddable":true,"href":"https:\/\/poliartdesign.co\/en\/wp-json\/wp\/v2\/comments?post=48057"}],"version-history":[{"count":7,"href":"https:\/\/poliartdesign.co\/en\/wp-json\/wp\/v2\/product\/48057\/revisions"}],"predecessor-version":[{"id":53284,"href":"https:\/\/poliartdesign.co\/en\/wp-json\/wp\/v2\/product\/48057\/revisions\/53284"}],"wp:featuredmedia":[{"embeddable":true,"href":"https:\/\/poliartdesign.co\/en\/wp-json\/wp\/v2\/media\/52373"}],"wp:attachment":[{"href":"https:\/\/poliartdesign.co\/en\/wp-json\/wp\/v2\/media?parent=48057"}],"wp:term":[{"taxonomy":"product_cat","embeddable":true,"href":"https:\/\/poliartdesign.co\/en\/wp-json\/wp\/v2\/product_cat?post=48057"},{"taxonomy":"product_tag","embeddable":true,"href":"https:\/\/poliartdesign.co\/en\/wp-json\/wp\/v2\/product_tag?post=48057"}],"curies":[{"name":"wp","href":"https:\/\/api.w.org\/{rel}","templated":true}]}}